{"id":933,"date":"2020-05-14T16:04:46","date_gmt":"2020-05-14T16:04:46","guid":{"rendered":"https:\/\/fostwom.eu\/terms-and-conditions\/"},"modified":"2020-06-08T20:25:41","modified_gmt":"2020-06-08T20:25:41","slug":"terms-and-conditions","status":"publish","type":"page","link":"https:\/\/fostwom.eu\/?page_id=933&lang=es","title":{"rendered":"T\u00e9rminos y Condiciones"},"content":{"rendered":"\n<h2 class=\"wp-block-heading\">Disclaimer<\/h2>\n\n\n\n<p>FOSTWOM no se hace responsable de la falta de veracidad, informaci\u00f3n incorrecta, inexactitud, errores e inconsistencias que puedan encontrarse en los contenidos de este portal, aunque har\u00e1 todo lo posible por corregirlos, cuando se detecten.<\/p>\n\n\n\n<p>Igualmente, FOSTWOM no se hace responsable de la falta de veracidad, informaci\u00f3n incorrecta, errores de inexactitud e inconsistencias que puedan encontrarse en los contenidos de otros portales o sitios web, y sobre los que no tiene ning\u00fan control, a los que remiten los enlaces hipertextuales, tambi\u00e9n conocidos como hiperv\u00ednculos o links de este Portal.<\/p>\n\n\n\n<h2 class=\"wp-block-heading\">Datos Personales<\/h2>\n\n\n\n<p>Los servicios pertinentes de FOSTWOM est\u00e1n autorizados a realizar el tratamiento autom\u00e1tico de los datos de los usuarios en el marco de las disposiciones de la Ley portuguesa que se aplican a las bases de datos personales. FOSTWOM se compromete a adoptar medidas t\u00e9cnicas y administrativas adecuadas para la protecci\u00f3n de los datos personales y a no divulgar a terceros la informaci\u00f3n sobre los datos personales de sus usuarios, ni la informaci\u00f3n sobre sus accesos, salvo que la Ley exija lo contrario.<\/p>\n\n\n\n<p>Los usuarios dan permiso para la creaci\u00f3n de estad\u00edsticas de uso y registros de conexi\u00f3n. Estos datos pueden utilizarse en procesos administrativos y estad\u00edsticos, as\u00ed como ponerse a disposici\u00f3n de terceros, siempre que no sea de manera personal. Los datos personales de los usuarios no pueden ser revelados fuera de FOSTWOM.<\/p>\n\n\n\n<h2 class=\"wp-block-heading\">Aceptaci\u00f3n y vinculaci\u00f3n<\/h2>\n\n\n\n<p>Al acceder y utilizar este Portal de FOSTWOM, el usuario declara conocer y aceptar los t\u00e9rminos y condiciones de uso de dicho Portal, y acepta someter todas las posibles controversias que puedan resultar de su uso de este Portal al Tribunal Civil del Distrito de Lisboa, que juzgar\u00e1 de acuerdo con la Ley Portuguesa.<\/p>\n","protected":false},"excerpt":{"rendered":"Disclaimer FOSTWOM no se hace responsable de la falta de veracidad, informaci\u00f3n incorrecta, inexactitud, errores e inconsistencias que puedan encontrarse&hellip;","protected":false},"author":7,"featured_media":0,"parent":0,"menu_order":0,"comment_status":"closed","ping_status":"closed","template":"","meta":{"footnotes":""},"class_list":["post-933","page","type-page","status-publish","hentry"],"_links":{"self":[{"href":"https:\/\/fostwom.eu\/index.php?rest_route=\/wp\/v2\/pages\/933","targetHints":{"allow":["GET"]}}],"collection":[{"href":"https:\/\/fostwom.eu\/index.php?rest_route=\/wp\/v2\/pages"}],"about":[{"href":"https:\/\/fostwom.eu\/index.php?rest_route=\/wp\/v2\/types\/page"}],"author":[{"embeddable":true,"href":"https:\/\/fostwom.eu\/index.php?rest_route=\/wp\/v2\/users\/7"}],"replies":[{"embeddable":true,"href":"https:\/\/fostwom.eu\/index.php?rest_route=%2Fwp%2Fv2%2Fcomments&post=933"}],"version-history":[{"count":4,"href":"https:\/\/fostwom.eu\/index.php?rest_route=\/wp\/v2\/pages\/933\/revisions"}],"predecessor-version":[{"id":1856,"href":"https:\/\/fostwom.eu\/index.php?rest_route=\/wp\/v2\/pages\/933\/revisions\/1856"}],"wp:attachment":[{"href":"https:\/\/fostwom.eu\/index.php?rest_route=%2Fwp%2Fv2%2Fmedia&parent=933"}],"curies":[{"name":"wp","href":"https:\/\/api.w.org\/{rel}","templated":true}]}}